{"id":99,"date":"2017-06-19T07:07:39","date_gmt":"2017-06-19T07:07:39","guid":{"rendered":"https:\/\/websitedemos.net\/astra-lite-demo-1\/?page_id=21"},"modified":"2021-01-19T19:37:03","modified_gmt":"2021-01-19T18:37:03","slug":"participacion","status":"publish","type":"page","link":"https:\/\/gerontec.uji.es\/wordpress\/participacion\/","title":{"rendered":"Participaci\u00f3n"},"content":{"rendered":"\t\t<div data-elementor-type=\"wp-post\" data-elementor-id=\"99\" class=\"elementor elementor-99\">\n\t\t\t\t\t\t<div class=\"elementor-inner\">\n\t\t\t\t<div class=\"elementor-section-wrap\">\n\t\t\t\t\t\t\t\t\t<section class=\"elementor-section elementor-top-section elementor-element elementor-element-qbatklh elementor-section-stretched elementor-section-boxed elementor-section-height-default elementor-section-height-default\" data-id=\"qbatklh\" data-element_type=\"section\" data-settings=\"{&quot;stretch_section&quot;:&quot;section-stretched&quot;,&quot;background_background&quot;:&quot;classic&quot;}\">\n\t\t\t\t\t\t\t<div class=\"elementor-background-overlay\"><\/div>\n\t\t\t\t\t\t\t<div class=\"elementor-container elementor-column-gap-default\">\n\t\t\t\t\t\t\t<div class=\"elementor-row\">\n\t\t\t\t\t<div class=\"elementor-column elementor-col-33 elementor-top-column elementor-element elementor-element-gacyucg\" data-id=\"gacyucg\" data-element_type=\"column\">\n\t\t\t<div class=\"elementor-column-wrap\">\n\t\t\t\t\t\t\t<div class=\"elementor-widget-wrap\">\n\t\t\t\t\t\t\t\t<\/div>\n\t\t\t\t\t<\/div>\n\t\t<\/div>\n\t\t\t\t<div class=\"elementor-column elementor-col-33 elementor-top-column elementor-element elementor-element-fpudphs\" data-id=\"fpudphs\" data-element_type=\"column\">\n\t\t\t<div class=\"elementor-column-wrap elementor-element-populated\">\n\t\t\t\t\t\t\t<div class=\"elementor-widget-wrap\">\n\t\t\t\t\t\t<div class=\"elementor-element elementor-element-nbxgqiw elementor-widget elementor-widget-heading\" data-id=\"nbxgqiw\" data-element_type=\"widget\" data-widget_type=\"heading.default\">\n\t\t\t\t<div class=\"elementor-widget-container\">\n\t\t\t<h1 class=\"elementor-heading-title elementor-size-default\">C\u00f3mo participar<\/h1>\t\t<\/div>\n\t\t\t\t<\/div>\n\t\t\t\t<div class=\"elementor-element elementor-element-epplbnh elementor-widget elementor-widget-text-editor\" data-id=\"epplbnh\" data-element_type=\"widget\" data-widget_type=\"text-editor.default\">\n\t\t\t\t<div class=\"elementor-widget-container\">\n\t\t\t\t\t\t\t\t<div class=\"elementor-text-editor elementor-clearfix\">\n\t\t\t\t\t\t\t\t\t<\/div>\n\t\t\t\t\t\t<\/div>\n\t\t\t\t<\/div>\n\t\t\t\t\t\t<\/div>\n\t\t\t\t\t<\/div>\n\t\t<\/div>\n\t\t\t\t<div class=\"elementor-column elementor-col-33 elementor-top-column elementor-element elementor-element-hdyasan\" data-id=\"hdyasan\" data-element_type=\"column\">\n\t\t\t<div class=\"elementor-column-wrap\">\n\t\t\t\t\t\t\t<div class=\"elementor-widget-wrap\">\n\t\t\t\t\t\t\t\t<\/div>\n\t\t\t\t\t<\/div>\n\t\t<\/div>\n\t\t\t\t\t\t\t\t<\/div>\n\t\t\t\t\t<\/div>\n\t\t<\/section>\n\t\t\t\t<section class=\"elementor-section elementor-top-section elementor-element elementor-element-bwsqeuj elementor-section-stretched elementor-section-boxed elementor-section-height-default elementor-section-height-default\" data-id=\"bwsqeuj\" data-element_type=\"section\" data-settings=\"{&quot;stretch_section&quot;:&quot;section-stretched&quot;,&quot;background_background&quot;:&quot;classic&quot;}\">\n\t\t\t\t\t\t<div class=\"elementor-container elementor-column-gap-default\">\n\t\t\t\t\t\t\t<div class=\"elementor-row\">\n\t\t\t\t\t<div class=\"elementor-column elementor-col-100 elementor-top-column elementor-element elementor-element-2e8ae4f\" data-id=\"2e8ae4f\" data-element_type=\"column\">\n\t\t\t<div class=\"elementor-column-wrap elementor-element-populated\">\n\t\t\t\t\t\t\t<div class=\"elementor-widget-wrap\">\n\t\t\t\t\t\t<div class=\"elementor-element elementor-element-2630fe3 elementor-widget elementor-widget-spacer\" data-id=\"2630fe3\" data-element_type=\"widget\" data-widget_type=\"spacer.default\">\n\t\t\t\t<div class=\"elementor-widget-container\">\n\t\t\t\t\t<div class=\"elementor-spacer\">\n\t\t\t<div class=\"elementor-spacer-inner\"><\/div>\n\t\t<\/div>\n\t\t\t\t<\/div>\n\t\t\t\t<\/div>\n\t\t\t\t<div class=\"elementor-element elementor-element-98b0d6f elementor-widget elementor-widget-text-editor\" data-id=\"98b0d6f\" data-element_type=\"widget\" data-widget_type=\"text-editor.default\">\n\t\t\t\t<div class=\"elementor-widget-container\">\n\t\t\t\t\t\t\t\t<div class=\"elementor-text-editor elementor-clearfix\">\n\t\t\t\t\t\t\t\t\t<\/div>\n\t\t\t\t\t\t<\/div>\n\t\t\t\t<\/div>\n\t\t\t\t\t\t<\/div>\n\t\t\t\t\t<\/div>\n\t\t<\/div>\n\t\t\t\t\t\t\t\t<\/div>\n\t\t\t\t\t<\/div>\n\t\t<\/section>\n\t\t\t\t<section class=\"elementor-section elementor-top-section elementor-element elementor-element-ad4210c elementor-section-boxed elementor-section-height-default elementor-section-height-default\" data-id=\"ad4210c\" data-element_type=\"section\">\n\t\t\t\t\t\t<div class=\"elementor-container elementor-column-gap-default\">\n\t\t\t\t\t\t\t<div class=\"elementor-row\">\n\t\t\t\t\t<div class=\"elementor-column elementor-col-100 elementor-top-column elementor-element elementor-element-4b3aa6f\" data-id=\"4b3aa6f\" data-element_type=\"column\">\n\t\t\t<div class=\"elementor-column-wrap elementor-element-populated\">\n\t\t\t\t\t\t\t<div class=\"elementor-widget-wrap\">\n\t\t\t\t\t\t<div class=\"elementor-element elementor-element-bbd0722 elementor-arrows-position-inside elementor-pagination-position-outside elementor-invisible elementor-widget elementor-widget-image-carousel\" data-id=\"bbd0722\" data-element_type=\"widget\" data-settings=\"{&quot;slides_to_show&quot;:&quot;1&quot;,&quot;effect&quot;:&quot;fade&quot;,&quot;_animation&quot;:&quot;fadeIn&quot;,&quot;navigation&quot;:&quot;both&quot;,&quot;autoplay&quot;:&quot;yes&quot;,&quot;pause_on_hover&quot;:&quot;yes&quot;,&quot;pause_on_interaction&quot;:&quot;yes&quot;,&quot;autoplay_speed&quot;:5000,&quot;infinite&quot;:&quot;yes&quot;,&quot;speed&quot;:500}\" data-widget_type=\"image-carousel.default\">\n\t\t\t\t<div class=\"elementor-widget-container\">\n\t\t\t\t\t<div class=\"elementor-image-carousel-wrapper swiper-container\" dir=\"ltr\">\n\t\t\t<div class=\"elementor-image-carousel swiper-wrapper\">\n\t\t\t\t\t\t\t\t<div class=\"swiper-slide\"><figure class=\"swiper-slide-inner\"><img decoding=\"async\" class=\"swiper-slide-image\" src=\"https:\/\/i0.wp.com\/gerontec.uji.es\/wordpress\/wp-content\/uploads\/2020\/02\/ppt_mayores_1-1.png?fit=768%2C577&amp;ssl=1\" alt=\"ppt_mayores_1\" \/><\/figure><\/div><div class=\"swiper-slide\"><figure class=\"swiper-slide-inner\"><img decoding=\"async\" class=\"swiper-slide-image\" src=\"https:\/\/i0.wp.com\/gerontec.uji.es\/wordpress\/wp-content\/uploads\/2020\/02\/ppt_mayores_2-1.png?fit=768%2C577&amp;ssl=1\" alt=\"ppt_mayores_2\" \/><\/figure><\/div><div class=\"swiper-slide\"><figure class=\"swiper-slide-inner\"><img decoding=\"async\" class=\"swiper-slide-image\" src=\"https:\/\/i0.wp.com\/gerontec.uji.es\/wordpress\/wp-content\/uploads\/2020\/02\/ppt_mayores_3-1.png?fit=768%2C578&amp;ssl=1\" alt=\"ppt_mayores_3\" \/><\/figure><\/div><div class=\"swiper-slide\"><figure class=\"swiper-slide-inner\"><img decoding=\"async\" class=\"swiper-slide-image\" src=\"https:\/\/i0.wp.com\/gerontec.uji.es\/wordpress\/wp-content\/uploads\/2020\/02\/ppt_mayores_4-1.png?fit=768%2C577&amp;ssl=1\" alt=\"ppt_mayores_4\" \/><\/figure><\/div><div class=\"swiper-slide\"><figure class=\"swiper-slide-inner\"><img decoding=\"async\" class=\"swiper-slide-image\" src=\"https:\/\/i0.wp.com\/gerontec.uji.es\/wordpress\/wp-content\/uploads\/2020\/02\/ppt_mayores_5-1.png?fit=768%2C577&amp;ssl=1\" alt=\"ppt_mayores_5\" \/><\/figure><\/div><div class=\"swiper-slide\"><figure class=\"swiper-slide-inner\"><img decoding=\"async\" class=\"swiper-slide-image\" src=\"https:\/\/i0.wp.com\/gerontec.uji.es\/wordpress\/wp-content\/uploads\/2020\/02\/ppt_mayores_6-1.png?fit=768%2C578&amp;ssl=1\" alt=\"ppt_mayores_6\" \/><\/figure><\/div><div class=\"swiper-slide\"><figure class=\"swiper-slide-inner\"><img decoding=\"async\" class=\"swiper-slide-image\" src=\"https:\/\/i0.wp.com\/gerontec.uji.es\/wordpress\/wp-content\/uploads\/2020\/02\/ppt_mayores_7.png?fit=768%2C578&amp;ssl=1\" alt=\"ppt_mayores_7\" \/><\/figure><\/div>\t\t\t<\/div>\n\t\t\t\t\t\t\t\t\t\t\t\t<div class=\"swiper-pagination\"><\/div>\n\t\t\t\t\t\t\t\t\t\t\t\t\t<div class=\"elementor-swiper-button elementor-swiper-button-prev\">\n\t\t\t\t\t\t<i aria-hidden=\"true\" class=\"eicon-chevron-left\"><\/i>\t\t\t\t\t\t<span class=\"elementor-screen-only\">Anterior<\/span>\n\t\t\t\t\t<\/div>\n\t\t\t\t\t<div class=\"elementor-swiper-button elementor-swiper-button-next\">\n\t\t\t\t\t\t<i aria-hidden=\"true\" class=\"eicon-chevron-right\"><\/i>\t\t\t\t\t\t<span class=\"elementor-screen-only\">Siguiente<\/span>\n\t\t\t\t\t<\/div>\n\t\t\t\t\t\t\t\t\t<\/div>\n\t\t\t\t<\/div>\n\t\t\t\t<\/div>\n\t\t\t\t\t\t<\/div>\n\t\t\t\t\t<\/div>\n\t\t<\/div>\n\t\t\t\t\t\t\t\t<\/div>\n\t\t\t\t\t<\/div>\n\t\t<\/section>\n\t\t\t\t<section class=\"elementor-section elementor-top-section elementor-element elementor-element-3dcd68a elementor-section-boxed elementor-section-height-default elementor-section-height-default\" data-id=\"3dcd68a\" data-element_type=\"section\">\n\t\t\t\t\t\t<div class=\"elementor-container elementor-column-gap-default\">\n\t\t\t\t\t\t\t<div class=\"elementor-row\">\n\t\t\t\t\t<div class=\"elementor-column elementor-col-100 elementor-top-column elementor-element elementor-element-b070c2c\" data-id=\"b070c2c\" data-element_type=\"column\">\n\t\t\t<div class=\"elementor-column-wrap elementor-element-populated\">\n\t\t\t\t\t\t\t<div class=\"elementor-widget-wrap\">\n\t\t\t\t\t\t<div class=\"elementor-element elementor-element-bea7978 elementor-widget elementor-widget-spacer\" data-id=\"bea7978\" data-element_type=\"widget\" data-widget_type=\"spacer.default\">\n\t\t\t\t<div class=\"elementor-widget-container\">\n\t\t\t\t\t<div class=\"elementor-spacer\">\n\t\t\t<div class=\"elementor-spacer-inner\"><\/div>\n\t\t<\/div>\n\t\t\t\t<\/div>\n\t\t\t\t<\/div>\n\t\t\t\t<div class=\"elementor-element elementor-element-ef07073 elementor-widget elementor-widget-heading\" data-id=\"ef07073\" data-element_type=\"widget\" id=\"cuestionario\" data-widget_type=\"heading.default\">\n\t\t\t\t<div class=\"elementor-widget-container\">\n\t\t\t<h2 class=\"elementor-heading-title elementor-size-default\">Realizar cuestionario web<\/h2>\t\t<\/div>\n\t\t\t\t<\/div>\n\t\t\t\t\t\t<\/div>\n\t\t\t\t\t<\/div>\n\t\t<\/div>\n\t\t\t\t\t\t\t\t<\/div>\n\t\t\t\t\t<\/div>\n\t\t<\/section>\n\t\t\t\t<section class=\"elementor-section elementor-top-section elementor-element elementor-element-f1a3f54 elementor-section-boxed elementor-section-height-default elementor-section-height-default\" data-id=\"f1a3f54\" data-element_type=\"section\">\n\t\t\t\t\t\t<div class=\"elementor-container elementor-column-gap-default\">\n\t\t\t\t\t\t\t<div class=\"elementor-row\">\n\t\t\t\t\t<div class=\"elementor-column elementor-col-100 elementor-top-column elementor-element elementor-element-66fbfe2\" data-id=\"66fbfe2\" data-element_type=\"column\">\n\t\t\t<div class=\"elementor-column-wrap elementor-element-populated\">\n\t\t\t\t\t\t\t<div class=\"elementor-widget-wrap\">\n\t\t\t\t\t\t<div class=\"elementor-element elementor-element-df82b91 elementor-widget elementor-widget-wp-widget-text\" data-id=\"df82b91\" data-element_type=\"widget\" data-widget_type=\"wp-widget-text.default\">\n\t\t\t\t<div class=\"elementor-widget-container\">\n\t\t\t\t\t\t<div class=\"textwidget\"><p style=\"text-align: center;font-size:20px\">Participa en nuestro proyecto contestando a las mismas preguntas que te hace Serena desde <a href=\"https:\/\/jaumei.eu.qualtrics.com\/jfe\/form\/SV_0Ss0YD6E8mBOVFj\">este enlace &gt;<\/a><\/p>\n<\/div>\n\t\t\t\t<\/div>\n\t\t\t\t<\/div>\n\t\t\t\t\t\t<\/div>\n\t\t\t\t\t<\/div>\n\t\t<\/div>\n\t\t\t\t\t\t\t\t<\/div>\n\t\t\t\t\t<\/div>\n\t\t<\/section>\n\t\t\t\t<section class=\"elementor-section elementor-top-section elementor-element elementor-element-a2283b2 elementor-section-boxed elementor-section-height-default elementor-section-height-default\" data-id=\"a2283b2\" data-element_type=\"section\">\n\t\t\t\t\t\t<div class=\"elementor-container elementor-column-gap-default\">\n\t\t\t\t\t\t\t<div class=\"elementor-row\">\n\t\t\t\t\t<div class=\"elementor-column elementor-col-100 elementor-top-column elementor-element elementor-element-11627e2\" data-id=\"11627e2\" data-element_type=\"column\">\n\t\t\t<div class=\"elementor-column-wrap elementor-element-populated\">\n\t\t\t\t\t\t\t<div class=\"elementor-widget-wrap\">\n\t\t\t\t\t\t<div class=\"elementor-element elementor-element-1dfbf56 elementor-widget elementor-widget-spacer\" data-id=\"1dfbf56\" data-element_type=\"widget\" data-widget_type=\"spacer.default\">\n\t\t\t\t<div class=\"elementor-widget-container\">\n\t\t\t\t\t<div class=\"elementor-spacer\">\n\t\t\t<div class=\"elementor-spacer-inner\"><\/div>\n\t\t<\/div>\n\t\t\t\t<\/div>\n\t\t\t\t<\/div>\n\t\t\t\t<div class=\"elementor-element elementor-element-7cb82c2 elementor-widget elementor-widget-heading\" data-id=\"7cb82c2\" data-element_type=\"widget\" id=\"chatbot\" data-widget_type=\"heading.default\">\n\t\t\t\t<div class=\"elementor-widget-container\">\n\t\t\t<h2 class=\"elementor-heading-title elementor-size-default\">Instrucciones para hablar con Serena<\/h2>\t\t<\/div>\n\t\t\t\t<\/div>\n\t\t\t\t\t\t<\/div>\n\t\t\t\t\t<\/div>\n\t\t<\/div>\n\t\t\t\t\t\t\t\t<\/div>\n\t\t\t\t\t<\/div>\n\t\t<\/section>\n\t\t\t\t<section class=\"elementor-section elementor-top-section elementor-element elementor-element-j9jeeft elementor-section-stretched elementor-section-boxed elementor-section-height-default elementor-section-height-default\" data-id=\"j9jeeft\" data-element_type=\"section\" data-settings=\"{&quot;stretch_section&quot;:&quot;section-stretched&quot;,&quot;background_background&quot;:&quot;classic&quot;}\">\n\t\t\t\t\t\t<div class=\"elementor-container elementor-column-gap-default\">\n\t\t\t\t\t\t\t<div class=\"elementor-row\">\n\t\t\t\t\t<div class=\"elementor-column elementor-col-100 elementor-top-column elementor-element elementor-element-154e38e\" data-id=\"154e38e\" data-element_type=\"column\">\n\t\t\t<div class=\"elementor-column-wrap elementor-element-populated\">\n\t\t\t\t\t\t\t<div class=\"elementor-widget-wrap\">\n\t\t\t\t\t\t<div class=\"elementor-element elementor-element-b616b6d elementor-tabs-view-horizontal elementor-widget elementor-widget-tabs\" data-id=\"b616b6d\" data-element_type=\"widget\" data-widget_type=\"tabs.default\">\n\t\t\t\t<div class=\"elementor-widget-container\">\n\t\t\t\t\t<div class=\"elementor-tabs\">\n\t\t\t<div class=\"elementor-tabs-wrapper\" role=\"tablist\" >\n\t\t\t\t\t\t\t\t\t<div id=\"elementor-tab-title-1901\" class=\"elementor-tab-title elementor-tab-desktop-title\" aria-selected=\"true\" data-tab=\"1\" role=\"tab\" tabindex=\"0\" aria-controls=\"elementor-tab-content-1901\" aria-expanded=\"false\"><a href=\"\">ANDROID<\/a><\/div>\n\t\t\t\t\t\t\t\t\t<div id=\"elementor-tab-title-1902\" class=\"elementor-tab-title elementor-tab-desktop-title\" aria-selected=\"false\" data-tab=\"2\" role=\"tab\" tabindex=\"-1\" aria-controls=\"elementor-tab-content-1902\" aria-expanded=\"false\"><a href=\"\">IOS<\/a><\/div>\n\t\t\t\t\t\t\t<\/div>\n\t\t\t<div class=\"elementor-tabs-content-wrapper\" role=\"tablist\" aria-orientation=\"vertical\">\n\t\t\t\t\t\t\t\t\t<div class=\"elementor-tab-title elementor-tab-mobile-title\" aria-selected=\"true\" data-tab=\"1\" role=\"tab\" tabindex=\"0\" aria-controls=\"elementor-tab-content-1901\" aria-expanded=\"false\">ANDROID<\/div>\n\t\t\t\t\t<div id=\"elementor-tab-content-1901\" class=\"elementor-tab-content elementor-clearfix\" data-tab=\"1\" role=\"tabpanel\" aria-labelledby=\"elementor-tab-title-1901\" tabindex=\"0\" hidden=\"false\"><strong>Hablar con Serena desde un m\u00f3vil Android<\/strong>\n\nEn primer lugar, asegurese de:\n<ul>\n \t<li>Tener <strong>acceso a internet<\/strong> en su tel\u00e9fono m\u00f3vil.<\/li>\n \t<li><strong>Subir el volumen <\/strong> del m\u00f3vil para escuchar la voz de Serena.<\/li>\n \t<li>Estar en un <strong>espacio silencioso <\/strong>para que Serena le escuche sin interferencias.<\/li>\n<\/ul>\nPara hablar con Serena siga estos pasos:\n<ol>\n \t<li><strong>Acceda a la aplicaci\u00f3n m\u00f3vil &#8220;Google Assistant&#8221;:<\/strong>\n<ol style=\"list-style: lower-alpha;\">\n \t<li style=\"list-style-type: none;\">\n<ol style=\"list-style: lower-alpha;\">\n \t<li>El m\u00f3vil debe estar activo, con la pantalla iluminada.<\/li>\n \t<li>Mantenga pulsado el bot\u00f3n de inicio de su m\u00f3vil o diga &#8220;Okei Google&#8221;.<\/li>\n \t<li>Una ventana blanca aparecer\u00e1 desde la parte inferior de la pantalla de su m\u00f3vil.<\/li>\n<\/ol>\n<\/li>\n<\/ol>\n<img decoding=\"async\" loading=\"lazy\" class=\"alignnone size-medium wp-image-1252\" src=\"https:\/\/i0.wp.com\/gerontec.uji.es\/wordpress\/wp-content\/uploads\/2020\/01\/ok-googlev3.jpg?resize=300%2C179&#038;ssl=1\" alt=\"\" width=\"300\" height=\"179\" style=\"margin-top: 15px; margin-bottom: 23px; margin-left: 40px\" data-recalc-dims=\"1\" srcset=\"https:\/\/i0.wp.com\/gerontec.uji.es\/wordpress\/wp-content\/uploads\/2020\/01\/ok-googlev3.jpg?w=846&amp;ssl=1 846w, https:\/\/i0.wp.com\/gerontec.uji.es\/wordpress\/wp-content\/uploads\/2020\/01\/ok-googlev3.jpg?resize=300%2C179&amp;ssl=1 300w, https:\/\/i0.wp.com\/gerontec.uji.es\/wordpress\/wp-content\/uploads\/2020\/01\/ok-googlev3.jpg?resize=768%2C458&amp;ssl=1 768w\" sizes=\"(max-width: 300px) 100vw, 300px\" \/><\/li>\n \t<li>Con la aplicaci\u00f3n activa, <strong>diga en voz alta &#8220;Hablar con mi ayudante Serena&#8221;.<\/strong><\/li>\n \t<li>En este punto ser\u00e1 redirigido a Serena. Su voz le guiar\u00e1 en la conversaci\u00f3n.<\/li>\n<\/ol>\n<span style=\"color: #ff0000;\">Si no ha funcionado, prueba a usar el micr\u00f3fono antes de decir &#8220;Hablar con mi ayudante Serena&#8221;.<\/span>\n<table border=\"1\">\n<tbody>\n<tr>\n<th>Los puntos de color en movimiento indican que Serena le est\u00e1 escuchando.\nEste tiempo de escucha es limitado. Para volver a activarlo, pulse sobre el micr\u00f3fono antes de responder.<\/th>\n<\/tr>\n<\/tbody>\n<\/table><\/div>\n\t\t\t\t\t\t\t\t\t<div class=\"elementor-tab-title elementor-tab-mobile-title\" aria-selected=\"false\" data-tab=\"2\" role=\"tab\" tabindex=\"-1\" aria-controls=\"elementor-tab-content-1902\" aria-expanded=\"false\">IOS<\/div>\n\t\t\t\t\t<div id=\"elementor-tab-content-1902\" class=\"elementor-tab-content elementor-clearfix\" data-tab=\"2\" role=\"tabpanel\" aria-labelledby=\"elementor-tab-title-1902\" tabindex=\"0\" hidden=\"hidden\"><strong>Hablar con Serena desde un m\u00f3vil Android<\/strong>\n\nEn primer lugar, asegurese de:\n<ul>\n \t<li>Tener <strong>acceso a internet<\/strong> en su tel\u00e9fono m\u00f3vil.<\/li>\n \t<li><strong>Subir el volumen <\/strong> del m\u00f3vil para escuchar la voz de Serena.<\/li>\n \t<li>Estar en un <strong>espacio silencioso <\/strong>para que Serena le escuche sin interferencias.<\/li>\n<\/ul>\nPara hablar con Serena siga estos pasos:\n<ol>\n \t<li><strong>Descargue en su m\u00f3vil la aplicaci\u00f3n de &#8220;Google Assistant&#8221;:<\/strong>\n<ol style=\"list-style: lower-alpha;\">\n \t<li style=\"list-style-type: none;\">\n<ol style=\"list-style: lower-alpha;\">\n \t<li>Acceda a la aplicaci\u00f3n &#8220;App Store&#8221;.<\/li>\n \t<li>Escriba en la barra de b\u00fasqueda &#8220;Google Assistant&#8221;.<\/li>\n \t<li>Pulse sobre &#8220;Obtener&#8221; para iniciar la descarga.<\/li>\n \t<li>Cuando la descarga est\u00e9 completa, pulse sobre el icono situadoen la pantalla de inicio, para abrir la aplicaci\u00f3n.<\/li>\n<\/ol>\n<\/li>\n<\/ol>\n<img decoding=\"async\" loading=\"lazy\" class=\"alignnone size-medium wp-image-1252\" src=\"https:\/\/i0.wp.com\/gerontec.uji.es\/wordpress\/wp-content\/uploads\/2020\/01\/ok-googlev3.jpg?resize=300%2C179&#038;ssl=1\" alt=\"\" width=\"300\" height=\"179\" style=\"margin-top: 15px; margin-bottom: 23px; margin-left: 40px\" data-recalc-dims=\"1\" srcset=\"https:\/\/i0.wp.com\/gerontec.uji.es\/wordpress\/wp-content\/uploads\/2020\/01\/ok-googlev3.jpg?w=846&amp;ssl=1 846w, https:\/\/i0.wp.com\/gerontec.uji.es\/wordpress\/wp-content\/uploads\/2020\/01\/ok-googlev3.jpg?resize=300%2C179&amp;ssl=1 300w, https:\/\/i0.wp.com\/gerontec.uji.es\/wordpress\/wp-content\/uploads\/2020\/01\/ok-googlev3.jpg?resize=768%2C458&amp;ssl=1 768w\" sizes=\"(max-width: 300px) 100vw, 300px\" \/><\/li>\n \t<li>Con la aplicaci\u00f3n activa, <strong>diga en voz alta &#8220;Hablar con mi ayudante Serena&#8221;.<\/strong><\/li>\n \t<li>En este punto ser\u00e1 redirigido a Serena. Su voz le guiar\u00e1 en la conversaci\u00f3n.<\/li>\n<\/ol>\n<span style=\"color: #ff0000;\">Si no ha funcionado, prueba a usar el micr\u00f3fono antes de decir &#8220;Hablar con mi ayudante Serena&#8221;.<\/span>\n<table border=\"1\">\n<tbody>\n<tr>\n<th>Los puntos de color en movimiento indican que Serena le est\u00e1 escuchando.\nEste tiempo de escucha es limitado. Para volver a activarlo, pulse sobre el micr\u00f3fono antes de responder.<\/th>\n<\/tr>\n<\/tbody>\n<\/table><\/div>\n\t\t\t\t\t\t\t<\/div>\n\t\t<\/div>\n\t\t\t\t<\/div>\n\t\t\t\t<\/div>\n\t\t\t\t\t\t<\/div>\n\t\t\t\t\t<\/div>\n\t\t<\/div>\n\t\t\t\t\t\t\t\t<\/div>\n\t\t\t\t\t<\/div>\n\t\t<\/section>\n\t\t\t\t<section class=\"elementor-section elementor-top-section elementor-element elementor-element-41a8bc7 elementor-section-boxed elementor-section-height-default elementor-section-height-default\" data-id=\"41a8bc7\" data-element_type=\"section\">\n\t\t\t\t\t\t<div class=\"elementor-container elementor-column-gap-default\">\n\t\t\t\t\t\t\t<div class=\"elementor-row\">\n\t\t\t\t\t<div class=\"elementor-column elementor-col-100 elementor-top-column elementor-element elementor-element-594b8fb\" data-id=\"594b8fb\" data-element_type=\"column\">\n\t\t\t<div class=\"elementor-column-wrap elementor-element-populated\">\n\t\t\t\t\t\t\t<div class=\"elementor-widget-wrap\">\n\t\t\t\t\t\t<div class=\"elementor-element elementor-element-5c5c443 elementor-widget elementor-widget-spacer\" data-id=\"5c5c443\" data-element_type=\"widget\" data-widget_type=\"spacer.default\">\n\t\t\t\t<div class=\"elementor-widget-container\">\n\t\t\t\t\t<div class=\"elementor-spacer\">\n\t\t\t<div class=\"elementor-spacer-inner\"><\/div>\n\t\t<\/div>\n\t\t\t\t<\/div>\n\t\t\t\t<\/div>\n\t\t\t\t<div class=\"elementor-element elementor-element-cee2d53 elementor-widget elementor-widget-heading\" data-id=\"cee2d53\" data-element_type=\"widget\" data-widget_type=\"heading.default\">\n\t\t\t\t<div class=\"elementor-widget-container\">\n\t\t\t<h2 class=\"elementor-heading-title elementor-size-default\">Instrucciones para instalar Node Red<\/h2>\t\t<\/div>\n\t\t\t\t<\/div>\n\t\t\t\t<div class=\"elementor-element elementor-element-660d748 elementor-widget elementor-widget-text-editor\" data-id=\"660d748\" data-element_type=\"widget\" data-widget_type=\"text-editor.default\">\n\t\t\t\t<div class=\"elementor-widget-container\">\n\t\t\t\t\t\t\t\t<div class=\"elementor-text-editor elementor-clearfix\">\n\t\t\t\t<p>En el siguiente v\u00eddeo se explica paso a paso como instalar y usar la herramienta <a href=\"https:\/\/nodered.org\/\">Node Red<\/a> empleada para dise\u00f1ar los flujos de informaci\u00f3n que permiten visualizar el porcentaje de acierto de los modelos creados para predecir la soledad a partir de los datos obtenidos con Serena.<\/p>\t\t\t\t\t<\/div>\n\t\t\t\t\t\t<\/div>\n\t\t\t\t<\/div>\n\t\t\t\t<div class=\"elementor-element elementor-element-b4db1ae elementor-widget elementor-widget-video\" data-id=\"b4db1ae\" data-element_type=\"widget\" data-settings=\"{&quot;youtube_url&quot;:&quot;https:\\\/\\\/www.youtube.com\\\/watch?v=qa6ZSXSZ_Bs&quot;,&quot;video_type&quot;:&quot;youtube&quot;,&quot;controls&quot;:&quot;yes&quot;}\" data-widget_type=\"video.default\">\n\t\t\t\t<div class=\"elementor-widget-container\">\n\t\t\t\t\t<div class=\"elementor-wrapper elementor-open-inline\">\n\t\t\t<div class=\"elementor-video\"><\/div>\t\t<\/div>\n\t\t\t\t<\/div>\n\t\t\t\t<\/div>\n\t\t\t\t<div class=\"elementor-element elementor-element-120e967 elementor-widget elementor-widget-spacer\" data-id=\"120e967\" data-element_type=\"widget\" data-widget_type=\"spacer.default\">\n\t\t\t\t<div class=\"elementor-widget-container\">\n\t\t\t\t\t<div class=\"elementor-spacer\">\n\t\t\t<div class=\"elementor-spacer-inner\"><\/div>\n\t\t<\/div>\n\t\t\t\t<\/div>\n\t\t\t\t<\/div>\n\t\t\t\t\t\t<\/div>\n\t\t\t\t\t<\/div>\n\t\t<\/div>\n\t\t\t\t\t\t\t\t<\/div>\n\t\t\t\t\t<\/div>\n\t\t<\/section>\n\t\t\t\t\t\t\t\t\t<\/div>\n\t\t\t<\/div>\n\t\t\t\t\t<\/div>\n\t\t","protected":false},"excerpt":{"rendered":"<p>C\u00f3mo participar Anterior Siguiente Realizar cuestionario web Instrucciones para hablar con Serena ANDROID IOS ANDROID Hablar con Serena desde un m\u00f3vil Android En primer lugar, asegurese de: Tener acceso a internet en su tel\u00e9fono m\u00f3vil. Subir el volumen del m\u00f3vil para escuchar la voz de Serena. Estar en un espacio silencioso para que Serena le &hellip;<\/p>\n<p class=\"read-more\"> <a class=\"\" href=\"https:\/\/gerontec.uji.es\/wordpress\/participacion\/\"> <span class=\"screen-reader-text\">Participaci\u00f3n<\/span> Leer m\u00e1s &raquo;<\/a><\/p>\n","protected":false},"author":1,"featured_media":0,"parent":0,"menu_order":0,"comment_status":"closed","ping_status":"closed","template":"","meta":[],"_links":{"self":[{"href":"https:\/\/gerontec.uji.es\/wordpress\/wp-json\/wp\/v2\/pages\/99"}],"collection":[{"href":"https:\/\/gerontec.uji.es\/wordpress\/wp-json\/wp\/v2\/pages"}],"about":[{"href":"https:\/\/gerontec.uji.es\/wordpress\/wp-json\/wp\/v2\/types\/page"}],"author":[{"embeddable":true,"href":"https:\/\/gerontec.uji.es\/wordpress\/wp-json\/wp\/v2\/users\/1"}],"replies":[{"embeddable":true,"href":"https:\/\/gerontec.uji.es\/wordpress\/wp-json\/wp\/v2\/comments?post=99"}],"version-history":[{"count":26,"href":"https:\/\/gerontec.uji.es\/wordpress\/wp-json\/wp\/v2\/pages\/99\/revisions"}],"predecessor-version":[{"id":1755,"href":"https:\/\/gerontec.uji.es\/wordpress\/wp-json\/wp\/v2\/pages\/99\/revisions\/1755"}],"wp:attachment":[{"href":"https:\/\/gerontec.uji.es\/wordpress\/wp-json\/wp\/v2\/media?parent=99"}],"curies":[{"name":"wp","href":"https:\/\/api.w.org\/{rel}","templated":true}]}}